{"id":24,"date":"2019-03-20T17:51:32","date_gmt":"2019-03-20T17:51:32","guid":{"rendered":"https:\/\/catvietkientruc.com\/?page_id=24"},"modified":"2019-04-08T14:02:29","modified_gmt":"2019-04-08T07:02:29","slug":"chinh-sach-khach-hang","status":"publish","type":"page","link":"https:\/\/catvietkientruc.com\/ja\/chinh-sach-khach-hang\/","title":{"rendered":"(VN) Ch\u00ednh S\u00e1ch Kh\u00e1ch H\u00e0ng"},"content":{"rendered":"","protected":false},"excerpt":{"rendered":"","protected":false},"author":1,"featured_media":0,"parent":0,"menu_order":0,"comment_status":"closed","ping_status":"closed","template":"","meta":[],"acf":[],"_links":{"self":[{"href":"https:\/\/catvietkientruc.com\/ja\/wp-json\/wp\/v2\/pages\/24"}],"collection":[{"href":"https:\/\/catvietkientruc.com\/ja\/wp-json\/wp\/v2\/pages"}],"about":[{"href":"https:\/\/catvietkientruc.com\/ja\/wp-json\/wp\/v2\/types\/page"}],"author":[{"embeddable":true,"href":"https:\/\/catvietkientruc.com\/ja\/wp-json\/wp\/v2\/users\/1"}],"replies":[{"embeddable":true,"href":"https:\/\/catvietkientruc.com\/ja\/wp-json\/wp\/v2\/comments?post=24"}],"version-history":[{"count":2,"href":"https:\/\/catvietkientruc.com\/ja\/wp-json\/wp\/v2\/pages\/24\/revisions"}],"predecessor-version":[{"id":50,"href":"https:\/\/catvietkientruc.com\/ja\/wp-json\/wp\/v2\/pages\/24\/revisions\/50"}],"wp:attachment":[{"href":"https:\/\/catvietkientruc.com\/ja\/wp-json\/wp\/v2\/media?parent=24"}],"curies":[{"name":"wp","href":"https:\/\/api.w.org\/{rel}","templated":true}]}}